{"id":17,"date":"2009-12-20T00:51:07","date_gmt":"2009-12-19T23:51:07","guid":{"rendered":"http:\/\/tourdebier.cz\/francek\/?page_id=17"},"modified":"2025-01-23T14:20:36","modified_gmt":"2025-01-23T13:20:36","slug":"degustace","status":"publish","type":"page","link":"https:\/\/www.tourdebier.cz\/francek\/degustace\/","title":{"rendered":"Degustace"},"content":{"rendered":"<p>Domluvte se na osobn\u00ed degustaci a rozehrajte symfonii chut\u00ed a v\u016fn\u00ed!&nbsp; Zda bude symfonie lad\u011bn\u00e1 do dur \u010di mol, nech\u00e1me ji\u017e na Va\u0161ich chu\u0165ov\u00fdch bu\u0148k\u00e1ch&#8230;.<\/p>\n<p><a title=\"Otev\u0159\u00edt reporty z prob\u011bhl\u00fdch degustac\u00ed\" href=\"https:\/\/www.tourdebier.cz\/francek\/?cat=3\">&gt; Reporty z prob\u011bhl\u00fdch degustac\u00ed &amp; ochutn\u00e1vek&nbsp; &lt;<\/a><\/p>\n<div class='wp_likes' id='wp_likes_post-17'><a class='like' href=\"javascript:wp_likes.like(17);\" title='' ><img decoding=\"async\" src=\"https:\/\/www.tourdebier.cz\/francek\/wp-content\/uploads\/thumb-up-francek.jpg\" alt='' border='0'\/><\/a><span class='text'><b>2<\/b> lidem se \u010dl\u00e1nek l\u00edb\u00ed.<\/span><\/p>\n<div class='like' ><a href=\"javascript:wp_likes.like(17);\"><\/a><\/div>\n<div class='unlike' ><a href=\"javascript:wp_likes.unlike(17);\">> U\u017e se mi nel\u00edb\u00ed..<\/a><\/div>\n<\/div>\n","protected":false},"excerpt":{"rendered":"<p>Domluvte se na osobn\u00ed degustaci a rozehrajte symfonii chut\u00ed a v\u016fn\u00ed!&nbsp; Zda bude symfonie lad\u011bn\u00e1 do dur \u010di mol, nech\u00e1me ji\u017e na Va\u0161ich chu\u0165ov\u00fdch bu\u0148k\u00e1ch&#8230;. &gt; Reporty z prob\u011bhl\u00fdch degustac\u00ed &amp; ochutn\u00e1vek&nbsp; &lt; 2 lidem se \u010dl\u00e1nek l\u00edb\u00ed. > U\u017e se mi nel\u00edb\u00ed..<\/p>\n","protected":false},"author":1,"featured_media":0,"parent":0,"menu_order":0,"comment_status":"open","ping_status":"open","template":"","meta":{"ngg_post_thumbnail":0,"footnotes":""},"class_list":["post-17","page","type-page","status-publish","hentry"],"_links":{"self":[{"href":"https:\/\/www.tourdebier.cz\/francek\/wp-json\/wp\/v2\/pages\/17","targetHints":{"allow":["GET"]}}],"collection":[{"href":"https:\/\/www.tourdebier.cz\/francek\/wp-json\/wp\/v2\/pages"}],"about":[{"href":"https:\/\/www.tourdebier.cz\/francek\/wp-json\/wp\/v2\/types\/page"}],"author":[{"embeddable":true,"href":"https:\/\/www.tourdebier.cz\/francek\/wp-json\/wp\/v2\/users\/1"}],"replies":[{"embeddable":true,"href":"https:\/\/www.tourdebier.cz\/francek\/wp-json\/wp\/v2\/comments?post=17"}],"version-history":[{"count":2,"href":"https:\/\/www.tourdebier.cz\/francek\/wp-json\/wp\/v2\/pages\/17\/revisions"}],"predecessor-version":[{"id":3978,"href":"https:\/\/www.tourdebier.cz\/francek\/wp-json\/wp\/v2\/pages\/17\/revisions\/3978"}],"wp:attachment":[{"href":"https:\/\/www.tourdebier.cz\/francek\/wp-json\/wp\/v2\/media?parent=17"}],"curies":[{"name":"wp","href":"https:\/\/api.w.org\/{rel}","templated":true}]}}